{"id":1557,"date":"2021-08-31T02:14:40","date_gmt":"2021-08-31T00:14:40","guid":{"rendered":"https:\/\/www.conformity-expert.com\/?page_id=1557"},"modified":"2024-05-06T11:29:21","modified_gmt":"2024-05-06T09:29:21","slug":"ueber-mich","status":"publish","type":"page","link":"https:\/\/www.conformity-expert.com\/de_at\/","title":{"rendered":"\u00dcber mich"},"content":{"rendered":"\t\t<div data-elementor-type=\"wp-page\" data-elementor-id=\"1557\" class=\"elementor elementor-1557\" data-elementor-post-type=\"page\">\n\t\t\t\t\t\t<section class=\"elementor-section elementor-top-section elementor-element elementor-element-9725c92 elementor-section-boxed elementor-section-height-default elementor-section-height-default\" data-id=\"9725c92\" data-element_type=\"section\" data-e-type=\"section\" data-settings=\"{&quot;background_background&quot;:&quot;classic&quot;}\">\n\t\t\t\t\t\t\t<div class=\"elementor-background-overlay\"><\/div>\n\t\t\t\t\t\t\t<div class=\"elementor-container elementor-column-gap-default\">\n\t\t\t\t\t<div class=\"elementor-column elementor-col-50 elementor-top-column elementor-element elementor-element-b4bbb8f\" data-id=\"b4bbb8f\" data-element_type=\"column\" data-e-type=\"column\">\n\t\t\t<div class=\"elementor-widget-wrap elementor-element-populated\">\n\t\t\t\t\t\t<div class=\"elementor-element elementor-element-fdb9a29 elementor-widget elementor-widget-text-editor\" data-id=\"fdb9a29\" data-element_type=\"widget\" data-e-type=\"widget\" data-widget_type=\"text-editor.default\">\n\t\t\t\t<div class=\"elementor-widget-container\">\n\t\t\t\t\t\t\t\t\t<p><strong>J\u00fcrgen Zechner<\/strong><\/p><p>ZertifizierterProduct Compliance Officer<br \/>Zertifizierter Auditor<\/p><div>\u00a0<\/div><div>info@conformity-expert.com<\/div><div>+43664 344 93 88<\/div><div>\u00a0<\/div>\t\t\t\t\t\t\t\t<\/div>\n\t\t\t\t<\/div>\n\t\t\t\t<div class=\"elementor-element elementor-element-9be4e1c elementor-widget elementor-widget-image\" data-id=\"9be4e1c\" data-element_type=\"widget\" data-e-type=\"widget\" data-widget_type=\"image.default\">\n\t\t\t\t<div class=\"elementor-widget-container\">\n\t\t\t\t\t\t\t\t\t\t\t\t\t\t\t<img decoding=\"async\" src=\"https:\/\/www.conformity-expert.com\/wp-content\/uploads\/2021\/09\/AST_Guetesiegel_CERTIFIED-breit.png\" title=\"AST_Guetesiegel_CERTIFIED-breit\" alt=\"AST_Guetesiegel_CERTIFIED-breit\" loading=\"lazy\" \/>\t\t\t\t\t\t\t\t\t\t\t\t\t\t\t<\/div>\n\t\t\t\t<\/div>\n\t\t\t\t<div class=\"elementor-element elementor-element-f753f47 elementor-align-center elementor-widget elementor-widget-button\" data-id=\"f753f47\" data-element_type=\"widget\" data-e-type=\"widget\" data-widget_type=\"button.default\">\n\t\t\t\t<div class=\"elementor-widget-container\">\n\t\t\t\t\t\t\t\t\t<div class=\"elementor-button-wrapper\">\n\t\t\t\t\t<a class=\"elementor-button elementor-button-link elementor-size-sm\" href=\"http:\/\/www.conformity-expert.com\/wp-content\/uploads\/2021\/08\/Certificate-Product-Compliance-Officer-ASI.pdf\">\n\t\t\t\t\t\t<span class=\"elementor-button-content-wrapper\">\n\t\t\t\t\t\t\t\t\t<span class=\"elementor-button-text\">zum Zertifikat<\/span>\n\t\t\t\t\t<\/span>\n\t\t\t\t\t<\/a>\n\t\t\t\t<\/div>\n\t\t\t\t\t\t\t\t<\/div>\n\t\t\t\t<\/div>\n\t\t\t\t<div class=\"elementor-element elementor-element-33ec873 elementor-widget elementor-widget-image\" data-id=\"33ec873\" data-element_type=\"widget\" data-e-type=\"widget\" data-widget_type=\"image.default\">\n\t\t\t\t<div class=\"elementor-widget-container\">\n\t\t\t\t\t\t\t\t\t\t\t\t\t\t\t<img decoding=\"async\" src=\"https:\/\/www.conformity-expert.com\/wp-content\/uploads\/2021\/08\/TUV-CERT.svg\" title=\"TUV CERT\" alt=\"TUV CERT\" loading=\"lazy\" \/>\t\t\t\t\t\t\t\t\t\t\t\t\t\t\t<\/div>\n\t\t\t\t<\/div>\n\t\t\t\t<div class=\"elementor-element elementor-element-17e0f7c elementor-align-center elementor-widget elementor-widget-button\" data-id=\"17e0f7c\" data-element_type=\"widget\" data-e-type=\"widget\" data-widget_type=\"button.default\">\n\t\t\t\t<div class=\"elementor-widget-container\">\n\t\t\t\t\t\t\t\t\t<div class=\"elementor-button-wrapper\">\n\t\t\t\t\t<a class=\"elementor-button elementor-button-link elementor-size-sm\" href=\"http:\/\/www.conformity-expert.com\/wp-content\/uploads\/2021\/08\/Certificate-Quality-Auditor-for-Confotmity-Assessment-Bodies-TUeV.pdf\">\n\t\t\t\t\t\t<span class=\"elementor-button-content-wrapper\">\n\t\t\t\t\t\t\t\t\t<span class=\"elementor-button-text\">zum Zertifikat<\/span>\n\t\t\t\t\t<\/span>\n\t\t\t\t\t<\/a>\n\t\t\t\t<\/div>\n\t\t\t\t\t\t\t\t<\/div>\n\t\t\t\t<\/div>\n\t\t\t\t<div class=\"elementor-element elementor-element-ec3f27c elementor-widget elementor-widget-text-editor\" data-id=\"ec3f27c\" data-element_type=\"widget\" data-e-type=\"widget\" data-widget_type=\"text-editor.default\">\n\t\t\t\t<div class=\"elementor-widget-container\">\n\t\t\t\t\t\t\t\t\t<p>Besuchen Sie mich auf LinkedIn<br><\/p><p>Lesen Sie interessante Artikel und erfahren Sie mehr \u00fcber meinen Lebenslauf<br><\/p>\t\t\t\t\t\t\t\t<\/div>\n\t\t\t\t<\/div>\n\t\t\t\t<div class=\"elementor-element elementor-element-ea92bb3 elementor-widget elementor-widget-image\" data-id=\"ea92bb3\" data-element_type=\"widget\" data-e-type=\"widget\" data-widget_type=\"image.default\">\n\t\t\t\t<div class=\"elementor-widget-container\">\n\t\t\t\t\t\t\t\t\t\t\t\t\t\t\t\t<a href=\"http:\/\/linkedin.com\/in\/j\u00fcrgen-zechner-12506178\">\n\t\t\t\t\t\t\t<img decoding=\"async\" src=\"https:\/\/www.conformity-expert.com\/wp-content\/uploads\/2021\/09\/linkedin_praesentiert_sich_in_neuem_gewand3_jsonld.jpg\" title=\"linkedin_praesentiert_sich_in_neuem_gewand3_jsonld\" alt=\"linkedin_praesentiert_sich_in_neuem_gewand3_jsonld\" loading=\"lazy\" \/>\t\t\t\t\t\t\t\t<\/a>\n\t\t\t\t\t\t\t\t\t\t\t\t\t\t\t<\/div>\n\t\t\t\t<\/div>\n\t\t\t\t\t<\/div>\n\t\t<\/div>\n\t\t\t\t<div class=\"elementor-column elementor-col-50 elementor-top-column elementor-element elementor-element-1080723\" data-id=\"1080723\" data-element_type=\"column\" data-e-type=\"column\">\n\t\t\t<div class=\"elementor-widget-wrap elementor-element-populated\">\n\t\t\t\t\t\t<div class=\"elementor-element elementor-element-59fb602 elementor-widget elementor-widget-heading\" data-id=\"59fb602\" data-element_type=\"widget\" data-e-type=\"widget\" data-widget_type=\"heading.default\">\n\t\t\t\t<div class=\"elementor-widget-container\">\n\t\t\t\t\t<h2 class=\"elementor-heading-title elementor-size-default\">J\u00fcrgen Zechner\n\n<\/h2>\t\t\t\t<\/div>\n\t\t\t\t<\/div>\n\t\t\t\t<section class=\"elementor-section elementor-inner-section elementor-element elementor-element-e2d057b elementor-section-boxed elementor-section-height-default elementor-section-height-default\" data-id=\"e2d057b\" data-element_type=\"section\" data-e-type=\"section\">\n\t\t\t\t\t\t\t<div class=\"elementor-background-overlay\"><\/div>\n\t\t\t\t\t\t\t<div class=\"elementor-container elementor-column-gap-default\">\n\t\t\t\t\t<div class=\"elementor-column elementor-col-50 elementor-inner-column elementor-element elementor-element-b94331c\" data-id=\"b94331c\" data-element_type=\"column\" data-e-type=\"column\">\n\t\t\t<div class=\"elementor-widget-wrap elementor-element-populated\">\n\t\t\t\t\t\t<div class=\"elementor-element elementor-element-a7fa949 elementor-widget elementor-widget-image\" data-id=\"a7fa949\" data-element_type=\"widget\" data-e-type=\"widget\" data-widget_type=\"image.default\">\n\t\t\t\t<div class=\"elementor-widget-container\">\n\t\t\t\t\t\t\t\t\t\t\t\t\t\t\t<img fetchpriority=\"high\" decoding=\"async\" width=\"256\" height=\"256\" src=\"https:\/\/www.conformity-expert.com\/wp-content\/uploads\/2021\/08\/plus.png\" class=\"attachment-large size-large wp-image-1455\" alt=\"\" srcset=\"https:\/\/www.conformity-expert.com\/wp-content\/uploads\/2021\/08\/plus.png 256w, https:\/\/www.conformity-expert.com\/wp-content\/uploads\/2021\/08\/plus-150x150.png 150w\" sizes=\"(max-width: 256px) 100vw, 256px\" \/>\t\t\t\t\t\t\t\t\t\t\t\t\t\t\t<\/div>\n\t\t\t\t<\/div>\n\t\t\t\t\t<\/div>\n\t\t<\/div>\n\t\t\t\t<div class=\"elementor-column elementor-col-50 elementor-inner-column elementor-element elementor-element-aa4d8f1\" data-id=\"aa4d8f1\" data-element_type=\"column\" data-e-type=\"column\">\n\t\t\t<div class=\"elementor-widget-wrap elementor-element-populated\">\n\t\t\t\t\t\t<div class=\"elementor-element elementor-element-ccca8e2 elementor-widget elementor-widget-text-editor\" data-id=\"ccca8e2\" data-element_type=\"widget\" data-e-type=\"widget\" data-widget_type=\"text-editor.default\">\n\t\t\t\t<div class=\"elementor-widget-container\">\n\t\t\t\t\t\t\t\t\t<p>Business Development und Vertrieb von technischen Produkten und Dienstleistungen;<\/p><p>Eigenverantwortliche Konzeption, Errichtung und Leitung eines Betriebsstandortes samt Budgetverantwortung;<\/p><p>Entwicklung von Pr\u00fcfst\u00e4nden und technischen Dienstleistungen;<\/p><p>Mitarbeiterf\u00fchrung und Motivation;<\/p>\t\t\t\t\t\t\t\t<\/div>\n\t\t\t\t<\/div>\n\t\t\t\t\t<\/div>\n\t\t<\/div>\n\t\t\t\t\t<\/div>\n\t\t<\/section>\n\t\t\t\t<section class=\"elementor-section elementor-inner-section elementor-element elementor-element-a0864c0 elementor-section-boxed elementor-section-height-default elementor-section-height-default\" data-id=\"a0864c0\" data-element_type=\"section\" data-e-type=\"section\">\n\t\t\t\t\t\t<div class=\"elementor-container elementor-column-gap-default\">\n\t\t\t\t\t<div class=\"elementor-column elementor-col-50 elementor-inner-column elementor-element elementor-element-c39dee0\" data-id=\"c39dee0\" data-element_type=\"column\" data-e-type=\"column\">\n\t\t\t<div class=\"elementor-widget-wrap elementor-element-populated\">\n\t\t\t\t\t\t<div class=\"elementor-element elementor-element-b5cc29a elementor-widget elementor-widget-image\" data-id=\"b5cc29a\" data-element_type=\"widget\" data-e-type=\"widget\" data-widget_type=\"image.default\">\n\t\t\t\t<div class=\"elementor-widget-container\">\n\t\t\t\t\t\t\t\t\t\t\t\t\t\t\t<img fetchpriority=\"high\" decoding=\"async\" width=\"256\" height=\"256\" src=\"https:\/\/www.conformity-expert.com\/wp-content\/uploads\/2021\/08\/plus.png\" class=\"attachment-large size-large wp-image-1455\" alt=\"\" srcset=\"https:\/\/www.conformity-expert.com\/wp-content\/uploads\/2021\/08\/plus.png 256w, https:\/\/www.conformity-expert.com\/wp-content\/uploads\/2021\/08\/plus-150x150.png 150w\" sizes=\"(max-width: 256px) 100vw, 256px\" \/>\t\t\t\t\t\t\t\t\t\t\t\t\t\t\t<\/div>\n\t\t\t\t<\/div>\n\t\t\t\t\t<\/div>\n\t\t<\/div>\n\t\t\t\t<div class=\"elementor-column elementor-col-50 elementor-inner-column elementor-element elementor-element-2150878\" data-id=\"2150878\" data-element_type=\"column\" data-e-type=\"column\">\n\t\t\t<div class=\"elementor-widget-wrap elementor-element-populated\">\n\t\t\t\t\t\t<div class=\"elementor-element elementor-element-6340812 elementor-widget elementor-widget-text-editor\" data-id=\"6340812\" data-element_type=\"widget\" data-e-type=\"widget\" data-widget_type=\"text-editor.default\">\n\t\t\t\t<div class=\"elementor-widget-container\">\n\t\t\t\t\t\t\t\t\t<p>Konformit\u00e4tsbewertung im Zusammenhang mit Maschinen, Druckger\u00e4ten und elektrischer Ausr\u00fcstung sowie von Bauprodukten mit Trinkwasserkontakt;<\/p><p>Konformit\u00e4tsbewertung von Trinkwasser- und Lebensmittelkontaktmaterialien;<\/p><p>Pr\u00fcfung, Validierung und Konformit\u00e4tsbewertung von Wasseraufbereitungsger\u00e4ten und -verfahren sowie Armaturen f\u00fcr Haustechnik und Siedlungswasserbau;<\/p><p>Konformit\u00e4tsbewertung derer in Drittstaaten <br \/>z.B. UK, USA, <\/p>\t\t\t\t\t\t\t\t<\/div>\n\t\t\t\t<\/div>\n\t\t\t\t\t<\/div>\n\t\t<\/div>\n\t\t\t\t\t<\/div>\n\t\t<\/section>\n\t\t\t\t<section class=\"elementor-section elementor-inner-section elementor-element elementor-element-75d0a9f elementor-section-boxed elementor-section-height-default elementor-section-height-default\" data-id=\"75d0a9f\" data-element_type=\"section\" data-e-type=\"section\">\n\t\t\t\t\t\t<div class=\"elementor-container elementor-column-gap-default\">\n\t\t\t\t\t<div class=\"elementor-column elementor-col-50 elementor-inner-column elementor-element elementor-element-a0ab67c\" data-id=\"a0ab67c\" data-element_type=\"column\" data-e-type=\"column\">\n\t\t\t<div class=\"elementor-widget-wrap elementor-element-populated\">\n\t\t\t\t\t\t<div class=\"elementor-element elementor-element-f05a947 elementor-widget elementor-widget-image\" data-id=\"f05a947\" data-element_type=\"widget\" data-e-type=\"widget\" data-widget_type=\"image.default\">\n\t\t\t\t<div class=\"elementor-widget-container\">\n\t\t\t\t\t\t\t\t\t\t\t\t\t\t\t<img fetchpriority=\"high\" decoding=\"async\" width=\"256\" height=\"256\" src=\"https:\/\/www.conformity-expert.com\/wp-content\/uploads\/2021\/08\/plus.png\" class=\"attachment-large size-large wp-image-1455\" alt=\"\" srcset=\"https:\/\/www.conformity-expert.com\/wp-content\/uploads\/2021\/08\/plus.png 256w, https:\/\/www.conformity-expert.com\/wp-content\/uploads\/2021\/08\/plus-150x150.png 150w\" sizes=\"(max-width: 256px) 100vw, 256px\" \/>\t\t\t\t\t\t\t\t\t\t\t\t\t\t\t<\/div>\n\t\t\t\t<\/div>\n\t\t\t\t\t<\/div>\n\t\t<\/div>\n\t\t\t\t<div class=\"elementor-column elementor-col-50 elementor-inner-column elementor-element elementor-element-6a2298d\" data-id=\"6a2298d\" data-element_type=\"column\" data-e-type=\"column\">\n\t\t\t<div class=\"elementor-widget-wrap elementor-element-populated\">\n\t\t\t\t\t\t<div class=\"elementor-element elementor-element-2f613ae elementor-widget elementor-widget-text-editor\" data-id=\"2f613ae\" data-element_type=\"widget\" data-e-type=\"widget\" data-widget_type=\"text-editor.default\">\n\t\t\t\t<div class=\"elementor-widget-container\">\n\t\t\t\t\t\t\t\t\t<p>Auditierung von Qualit\u00e4tsmanagementsystemen <br \/>gem\u00e4\u00df ISO 19011 in Zusammenhang mit produkt- und marktspezifischen Anforderungen gem\u00e4\u00df diversen Regelwerken des \u00d6VGW, DVGW, SVGW;<\/p><div>\u00a0<\/div><div>Implementierung von Managementsystemen gem\u00e4\u00df <br \/>ISO 9001, ISO 14001 und ISO 27001<\/div>\t\t\t\t\t\t\t\t<\/div>\n\t\t\t\t<\/div>\n\t\t\t\t\t<\/div>\n\t\t<\/div>\n\t\t\t\t\t<\/div>\n\t\t<\/section>\n\t\t\t\t<section class=\"elementor-section elementor-inner-section elementor-element elementor-element-75b84a3 elementor-section-boxed elementor-section-height-default elementor-section-height-default\" data-id=\"75b84a3\" data-element_type=\"section\" data-e-type=\"section\">\n\t\t\t\t\t\t<div class=\"elementor-container elementor-column-gap-default\">\n\t\t\t\t\t<div class=\"elementor-column elementor-col-50 elementor-inner-column elementor-element elementor-element-0ecdbe3\" data-id=\"0ecdbe3\" data-element_type=\"column\" data-e-type=\"column\">\n\t\t\t<div class=\"elementor-widget-wrap elementor-element-populated\">\n\t\t\t\t\t\t<div class=\"elementor-element elementor-element-76098de elementor-widget elementor-widget-image\" data-id=\"76098de\" data-element_type=\"widget\" data-e-type=\"widget\" data-widget_type=\"image.default\">\n\t\t\t\t<div class=\"elementor-widget-container\">\n\t\t\t\t\t\t\t\t\t\t\t\t\t\t\t<img fetchpriority=\"high\" decoding=\"async\" width=\"256\" height=\"256\" src=\"https:\/\/www.conformity-expert.com\/wp-content\/uploads\/2021\/08\/plus.png\" class=\"attachment-large size-large wp-image-1455\" alt=\"\" srcset=\"https:\/\/www.conformity-expert.com\/wp-content\/uploads\/2021\/08\/plus.png 256w, https:\/\/www.conformity-expert.com\/wp-content\/uploads\/2021\/08\/plus-150x150.png 150w\" sizes=\"(max-width: 256px) 100vw, 256px\" \/>\t\t\t\t\t\t\t\t\t\t\t\t\t\t\t<\/div>\n\t\t\t\t<\/div>\n\t\t\t\t\t<\/div>\n\t\t<\/div>\n\t\t\t\t<div class=\"elementor-column elementor-col-50 elementor-inner-column elementor-element elementor-element-894f74e\" data-id=\"894f74e\" data-element_type=\"column\" data-e-type=\"column\">\n\t\t\t<div class=\"elementor-widget-wrap elementor-element-populated\">\n\t\t\t\t\t\t<div class=\"elementor-element elementor-element-255f277 elementor-widget elementor-widget-text-editor\" data-id=\"255f277\" data-element_type=\"widget\" data-e-type=\"widget\" data-widget_type=\"text-editor.default\">\n\t\t\t\t<div class=\"elementor-widget-container\">\n\t\t\t\t\t\t\t\t\t<p>Mitarbeit bei nationalen und internationalen <br>Normungsprojekten bei ASI und DIN;<\/p>\n<p>Mitarbeit bei Erstellung von technischen Regelwerken und Zertifizierungsgrundlagen bei \u00d6VGW, DVGW und OFI CERT;<\/p>\n<p><\/p>\t\t\t\t\t\t\t\t<\/div>\n\t\t\t\t<\/div>\n\t\t\t\t\t<\/div>\n\t\t<\/div>\n\t\t\t\t\t<\/div>\n\t\t<\/section>\n\t\t\t\t\t<\/div>\n\t\t<\/div>\n\t\t\t\t\t<\/div>\n\t\t<\/section>\n\t\t\t\t<section class=\"elementor-section elementor-top-section elementor-element elementor-element-cbb03e3 elementor-section-boxed elementor-section-height-default elementor-section-height-default\" data-id=\"cbb03e3\" data-element_type=\"section\" data-e-type=\"section\" data-settings=\"{&quot;background_background&quot;:&quot;classic&quot;}\">\n\t\t\t\t\t\t\t<div class=\"elementor-background-overlay\"><\/div>\n\t\t\t\t\t\t\t<div class=\"elementor-container elementor-column-gap-default\">\n\t\t\t\t\t<div class=\"elementor-column elementor-col-33 elementor-top-column elementor-element elementor-element-f9a2af4\" data-id=\"f9a2af4\" data-element_type=\"column\" data-e-type=\"column\">\n\t\t\t<div class=\"elementor-widget-wrap\">\n\t\t\t\t\t\t\t<\/div>\n\t\t<\/div>\n\t\t\t\t<div class=\"elementor-column elementor-col-33 elementor-top-column elementor-element elementor-element-7870b06\" data-id=\"7870b06\" data-element_type=\"column\" data-e-type=\"column\">\n\t\t\t<div class=\"elementor-widget-wrap elementor-element-populated\">\n\t\t\t\t\t\t<div class=\"elementor-element elementor-element-0301a0c elementor-widget elementor-widget-text-editor\" data-id=\"0301a0c\" data-element_type=\"widget\" data-e-type=\"widget\" data-widget_type=\"text-editor.default\">\n\t\t\t\t<div class=\"elementor-widget-container\">\n\t\t\t\t\t\t\t\t\t<p>J\u00fcrgen Zechner<\/p><p>ZertifizierterProduct Compliance Officer<br \/>Zertifizierter Auditor<\/p><div>\u00a0<\/div><div>info@conformity-expert.com<\/div><div>+43664 344 93 88<\/div><div>\u00a0<\/div>\t\t\t\t\t\t\t\t<\/div>\n\t\t\t\t<\/div>\n\t\t\t\t\t<\/div>\n\t\t<\/div>\n\t\t\t\t<div class=\"elementor-column elementor-col-33 elementor-top-column elementor-element elementor-element-c645652\" data-id=\"c645652\" data-element_type=\"column\" data-e-type=\"column\">\n\t\t\t<div class=\"elementor-widget-wrap elementor-element-populated\">\n\t\t\t\t\t\t<div class=\"elementor-element elementor-element-8cb11e1 elementor-widget__width-inherit elementor-widget elementor-widget-image\" data-id=\"8cb11e1\" data-element_type=\"widget\" data-e-type=\"widget\" data-widget_type=\"image.default\">\n\t\t\t\t<div class=\"elementor-widget-container\">\n\t\t\t\t\t\t\t\t\t\t\t\t\t\t\t\t<a href=\"http:\/\/www.conformity-expert.com\/wp-content\/uploads\/2021\/08\/Certificate-Product-Compliance-Officer-ASI.pdf\">\n\t\t\t\t\t\t\t<img decoding=\"async\" width=\"1076\" height=\"692\" src=\"https:\/\/www.conformity-expert.com\/wp-content\/uploads\/2022\/05\/ASI-Cert-transparent.png\" class=\"attachment-full size-full wp-image-3538\" alt=\"\" srcset=\"https:\/\/www.conformity-expert.com\/wp-content\/uploads\/2022\/05\/ASI-Cert-transparent.png 1076w, https:\/\/www.conformity-expert.com\/wp-content\/uploads\/2022\/05\/ASI-Cert-transparent-300x193.png 300w, https:\/\/www.conformity-expert.com\/wp-content\/uploads\/2022\/05\/ASI-Cert-transparent-1024x659.png 1024w, https:\/\/www.conformity-expert.com\/wp-content\/uploads\/2022\/05\/ASI-Cert-transparent-768x494.png 768w, https:\/\/www.conformity-expert.com\/wp-content\/uploads\/2022\/05\/ASI-Cert-transparent-18x12.png 18w\" sizes=\"(max-width: 1076px) 100vw, 1076px\" \/>\t\t\t\t\t\t\t\t<\/a>\n\t\t\t\t\t\t\t\t\t\t\t\t\t\t\t<\/div>\n\t\t\t\t<\/div>\n\t\t\t\t\t<\/div>\n\t\t<\/div>\n\t\t\t\t\t<\/div>\n\t\t<\/section>\n\t\t\t\t<\/div>\n\t\t","protected":false},"excerpt":{"rendered":"<p>J\u00fcrgen Zechner ZertifizierterProduct Compliance OfficerZertifizierter Auditor \u00a0info@conformity-expert.com+43664 344 93 88\u00a0 zum Zertifikat zum Zertifikat Besuchen Sie mich auf LinkedIn Lesen Sie interessante Artikel und erfahren Sie mehr \u00fcber meinen Lebenslauf J\u00fcrgen Zechner Business Development und Vertrieb von technischen Produkten und Dienstleistungen; Eigenverantwortliche Konzeption, Errichtung und Leitung eines Betriebsstandortes samt Budgetverantwortung; Entwicklung von Pr\u00fcfst\u00e4nden und technischen [&hellip;]<\/p>\n","protected":false},"author":2,"featured_media":0,"parent":0,"menu_order":0,"comment_status":"closed","ping_status":"closed","template":"","meta":{"ocean_post_layout":"full-screen","ocean_both_sidebars_style":"","ocean_both_sidebars_content_width":0,"ocean_both_sidebars_sidebars_width":0,"ocean_sidebar":"0","ocean_second_sidebar":"0","ocean_disable_margins":"enable","ocean_add_body_class":"","ocean_shortcode_before_top_bar":"","ocean_shortcode_after_top_bar":"","ocean_shortcode_before_header":"","ocean_shortcode_after_header":"","ocean_has_shortcode":"","ocean_shortcode_after_title":"","ocean_shortcode_before_footer_widgets":"","ocean_shortcode_after_footer_widgets":"","ocean_shortcode_before_footer_bottom":"","ocean_shortcode_after_footer_bottom":"","ocean_display_top_bar":"off","ocean_display_header":"default","ocean_header_style":"","ocean_center_header_left_menu":"0","ocean_custom_header_template":"0","ocean_custom_logo":736,"ocean_custom_retina_logo":0,"ocean_custom_logo_max_width":0,"ocean_custom_logo_tablet_max_width":0,"ocean_custom_logo_mobile_max_width":0,"ocean_custom_logo_max_height":0,"ocean_custom_logo_tablet_max_height":0,"ocean_custom_logo_mobile_max_height":0,"ocean_header_custom_menu":"0","ocean_menu_typo_font_family":"0","ocean_menu_typo_font_subset":"","ocean_menu_typo_font_size":0,"ocean_menu_typo_font_size_tablet":0,"ocean_menu_typo_font_size_mobile":0,"ocean_menu_typo_font_size_unit":"px","ocean_menu_typo_font_weight":"","ocean_menu_typo_font_weight_tablet":"","ocean_menu_typo_font_weight_mobile":"","ocean_menu_typo_transform":"","ocean_menu_typo_transform_tablet":"","ocean_menu_typo_transform_mobile":"","ocean_menu_typo_line_height":0,"ocean_menu_typo_line_height_tablet":0,"ocean_menu_typo_line_height_mobile":0,"ocean_menu_typo_line_height_unit":"","ocean_menu_typo_spacing":0,"ocean_menu_typo_spacing_tablet":0,"ocean_menu_typo_spacing_mobile":0,"ocean_menu_typo_spacing_unit":"","ocean_menu_link_color":"","ocean_menu_link_color_hover":"","ocean_menu_link_color_active":"","ocean_menu_link_background":"","ocean_menu_link_hover_background":"","ocean_menu_link_active_background":"","ocean_menu_social_links_bg":"","ocean_menu_social_hover_links_bg":"","ocean_menu_social_links_color":"","ocean_menu_social_hover_links_color":"","ocean_disable_title":"on","ocean_disable_heading":"default","ocean_post_title":"","ocean_post_subheading":"","ocean_post_title_style":"","ocean_post_title_background_color":"","ocean_post_title_background":0,"ocean_post_title_bg_image_position":"","ocean_post_title_bg_image_attachment":"","ocean_post_title_bg_image_repeat":"","ocean_post_title_bg_image_size":"","ocean_post_title_height":0,"ocean_post_title_bg_overlay":0.5,"ocean_post_title_bg_overlay_color":"","ocean_disable_breadcrumbs":"default","ocean_breadcrumbs_color":"","ocean_breadcrumbs_separator_color":"","ocean_breadcrumbs_links_color":"","ocean_breadcrumbs_links_hover_color":"","ocean_display_footer_widgets":"default","ocean_display_footer_bottom":"default","ocean_custom_footer_template":"0","footnotes":""},"class_list":["post-1557","page","type-page","status-publish","hentry","entry"],"_links":{"self":[{"href":"https:\/\/www.conformity-expert.com\/de_at\/wp-json\/wp\/v2\/pages\/1557","targetHints":{"allow":["GET"]}}],"collection":[{"href":"https:\/\/www.conformity-expert.com\/de_at\/wp-json\/wp\/v2\/pages"}],"about":[{"href":"https:\/\/www.conformity-expert.com\/de_at\/wp-json\/wp\/v2\/types\/page"}],"author":[{"embeddable":true,"href":"https:\/\/www.conformity-expert.com\/de_at\/wp-json\/wp\/v2\/users\/2"}],"replies":[{"embeddable":true,"href":"https:\/\/www.conformity-expert.com\/de_at\/wp-json\/wp\/v2\/comments?post=1557"}],"version-history":[{"count":154,"href":"https:\/\/www.conformity-expert.com\/de_at\/wp-json\/wp\/v2\/pages\/1557\/revisions"}],"predecessor-version":[{"id":3796,"href":"https:\/\/www.conformity-expert.com\/de_at\/wp-json\/wp\/v2\/pages\/1557\/revisions\/3796"}],"wp:attachment":[{"href":"https:\/\/www.conformity-expert.com\/de_at\/wp-json\/wp\/v2\/media?parent=1557"}],"curies":[{"name":"wp","href":"https:\/\/api.w.org\/{rel}","templated":true}]}}